{"id":191,"date":"2016-06-01T10:17:24","date_gmt":"2016-06-01T09:17:24","guid":{"rendered":"http:\/\/canalcanoe.fr\/?page_id=191"},"modified":"2016-06-01T10:17:24","modified_gmt":"2016-06-01T09:17:24","slug":"mentions-legales","status":"publish","type":"page","link":"https:\/\/canalcanoe.fr\/index.php\/mentions-legales\/","title":{"rendered":"mentions legales"},"content":{"rendered":"<p>[et_pb_section admin_label=\u00a0\u00bbsection\u00a0\u00bb][et_pb_row admin_label=\u00a0\u00bbrow\u00a0\u00bb][et_pb_column type=\u00a0\u00bb4_4&Prime;][et_pb_text admin_label=\u00a0\u00bbTexte\u00a0\u00bb background_layout=\u00a0\u00bblight\u00a0\u00bb text_orientation=\u00a0\u00bbleft\u00a0\u00bb use_border_color=\u00a0\u00bboff\u00a0\u00bb border_color=\u00a0\u00bb#ffffff\u00a0\u00bb border_style=\u00a0\u00bbsolid\u00a0\u00bb]<\/p>\n<p>Propri\u00e9taire du site<br \/>\nCanal Cano\u00eb, 232 rue de perigny 17000 La Rochelle<br \/>\nSiret : 419 971 429 000 24<\/p>\n<p>Responsable publication : Charles Dubreuil<\/p>\n<p>H\u00e9bergement : SARL OVH 2 rue Kellermann 59100 Roubaix<\/p>\n<p>Droits de reproduction :<br \/>\nLes informations pr\u00e9sent\u00e9es sur ce site sont publiques. La reproduction des pages de ce site est autoris\u00e9e \u00e0 la condition d&rsquo;y mentionner la source et de cr\u00e9er un lien sur la ou les pages de r\u00e9f\u00e9rence. Elles ne peuvent \u00eatre utilis\u00e9es \u00e0 des fins commerciales ou publicitaires. Lorsque des donn\u00e9es pr\u00e9sentes sur ce site ont un caract\u00e8re nominatif, les utilisateurs doivent en faire un usage conforme aux r\u00e9glementations en vigueur et aux recommandations de la Commission nationale de l&rsquo;informatique et des libert\u00e9s (CNIL).<\/p>\n<p>[\/et_pb_text][\/et_pb_column][\/et_pb_row][\/et_pb_section]<\/p>\n","protected":false},"excerpt":{"rendered":"<p>Propri\u00e9taire du site Canal Cano\u00eb, 232 rue de perigny 17000 La Rochelle Siret : 419 971 429 000 24 Responsable publication : Charles Dubreuil H\u00e9bergement : SARL OVH 2 rue Kellermann 59100 Roubaix Droits de reproduction : Les informations pr\u00e9sent\u00e9es sur ce site sont publiques. La reproduction des pages de ce site est autoris\u00e9e \u00e0 [&hellip;]<\/p>\n","protected":false},"author":1,"featured_media":0,"parent":0,"menu_order":0,"comment_status":"closed","ping_status":"closed","template":"","meta":{"_et_pb_use_builder":"on","_et_pb_old_content":"","_et_gb_content_width":"","_monsterinsights_skip_tracking":false,"_monsterinsights_sitenote_active":false,"_monsterinsights_sitenote_note":"","_monsterinsights_sitenote_category":0,"jetpack_post_was_ever_published":false,"footnotes":""},"class_list":["post-191","page","type-page","status-publish","hentry"],"yoast_head":"<!-- This site is optimized with the Yoast SEO plugin v27.3 - https:\/\/yoast.com\/product\/yoast-seo-wordpress\/ -->\n<title>mentions legales - cano\u00eb La rochelle<\/title>\n<meta name=\"robots\" content=\"index, follow, max-snippet:-1, max-image-preview:large, max-video-preview:-1\" \/>\n<link rel=\"canonical\" href=\"https:\/\/canalcanoe.fr\/index.php\/mentions-legales\/\" \/>\n<meta property=\"og:locale\" content=\"fr_FR\" \/>\n<meta property=\"og:type\" content=\"article\" \/>\n<meta property=\"og:title\" content=\"mentions legales - cano\u00eb La rochelle\" \/>\n<meta property=\"og:description\" content=\"Propri\u00e9taire du site Canal Cano\u00eb, 232 rue de perigny 17000 La Rochelle Siret : 419 971 429 000 24 Responsable publication : Charles Dubreuil H\u00e9bergement : SARL OVH 2 rue Kellermann 59100 Roubaix Droits de reproduction : Les informations pr\u00e9sent\u00e9es sur ce site sont publiques. La reproduction des pages de ce site est autoris\u00e9e \u00e0 [&hellip;]\" \/>\n<meta property=\"og:url\" content=\"https:\/\/canalcanoe.fr\/index.php\/mentions-legales\/\" \/>\n<meta property=\"og:site_name\" content=\"cano\u00eb La rochelle\" \/>\n<meta name=\"twitter:card\" content=\"summary_large_image\" \/>\n<meta name=\"twitter:label1\" content=\"Dur\u00e9e de lecture estim\u00e9e\" \/>\n\t<meta name=\"twitter:data1\" content=\"1 minute\" \/>\n<script type=\"application\/ld+json\" class=\"yoast-schema-graph\">{\"@context\":\"https:\\\/\\\/schema.org\",\"@graph\":[{\"@type\":\"WebPage\",\"@id\":\"https:\\\/\\\/canalcanoe.fr\\\/index.php\\\/mentions-legales\\\/\",\"url\":\"https:\\\/\\\/canalcanoe.fr\\\/index.php\\\/mentions-legales\\\/\",\"name\":\"mentions legales - cano\u00eb La rochelle\",\"isPartOf\":{\"@id\":\"https:\\\/\\\/canalcanoe.fr\\\/#website\"},\"datePublished\":\"2016-06-01T09:17:24+00:00\",\"breadcrumb\":{\"@id\":\"https:\\\/\\\/canalcanoe.fr\\\/index.php\\\/mentions-legales\\\/#breadcrumb\"},\"inLanguage\":\"fr-FR\",\"potentialAction\":[{\"@type\":\"ReadAction\",\"target\":[\"https:\\\/\\\/canalcanoe.fr\\\/index.php\\\/mentions-legales\\\/\"]}]},{\"@type\":\"BreadcrumbList\",\"@id\":\"https:\\\/\\\/canalcanoe.fr\\\/index.php\\\/mentions-legales\\\/#breadcrumb\",\"itemListElement\":[{\"@type\":\"ListItem\",\"position\":1,\"name\":\"Accueil\",\"item\":\"https:\\\/\\\/canalcanoe.fr\\\/\"},{\"@type\":\"ListItem\",\"position\":2,\"name\":\"mentions legales\"}]},{\"@type\":\"WebSite\",\"@id\":\"https:\\\/\\\/canalcanoe.fr\\\/#website\",\"url\":\"https:\\\/\\\/canalcanoe.fr\\\/\",\"name\":\"cano\u00eb La rochelle\",\"description\":\"Location de cano\u00eb \u00e0 La Rochelle\",\"potentialAction\":[{\"@type\":\"SearchAction\",\"target\":{\"@type\":\"EntryPoint\",\"urlTemplate\":\"https:\\\/\\\/canalcanoe.fr\\\/?s={search_term_string}\"},\"query-input\":{\"@type\":\"PropertyValueSpecification\",\"valueRequired\":true,\"valueName\":\"search_term_string\"}}],\"inLanguage\":\"fr-FR\"}]}<\/script>\n<!-- \/ Yoast SEO plugin. -->","yoast_head_json":{"title":"mentions legales - cano\u00eb La rochelle","robots":{"index":"index","follow":"follow","max-snippet":"max-snippet:-1","max-image-preview":"max-image-preview:large","max-video-preview":"max-video-preview:-1"},"canonical":"https:\/\/canalcanoe.fr\/index.php\/mentions-legales\/","og_locale":"fr_FR","og_type":"article","og_title":"mentions legales - cano\u00eb La rochelle","og_description":"Propri\u00e9taire du site Canal Cano\u00eb, 232 rue de perigny 17000 La Rochelle Siret : 419 971 429 000 24 Responsable publication : Charles Dubreuil H\u00e9bergement : SARL OVH 2 rue Kellermann 59100 Roubaix Droits de reproduction : Les informations pr\u00e9sent\u00e9es sur ce site sont publiques. La reproduction des pages de ce site est autoris\u00e9e \u00e0 [&hellip;]","og_url":"https:\/\/canalcanoe.fr\/index.php\/mentions-legales\/","og_site_name":"cano\u00eb La rochelle","twitter_card":"summary_large_image","twitter_misc":{"Dur\u00e9e de lecture estim\u00e9e":"1 minute"},"schema":{"@context":"https:\/\/schema.org","@graph":[{"@type":"WebPage","@id":"https:\/\/canalcanoe.fr\/index.php\/mentions-legales\/","url":"https:\/\/canalcanoe.fr\/index.php\/mentions-legales\/","name":"mentions legales - cano\u00eb La rochelle","isPartOf":{"@id":"https:\/\/canalcanoe.fr\/#website"},"datePublished":"2016-06-01T09:17:24+00:00","breadcrumb":{"@id":"https:\/\/canalcanoe.fr\/index.php\/mentions-legales\/#breadcrumb"},"inLanguage":"fr-FR","potentialAction":[{"@type":"ReadAction","target":["https:\/\/canalcanoe.fr\/index.php\/mentions-legales\/"]}]},{"@type":"BreadcrumbList","@id":"https:\/\/canalcanoe.fr\/index.php\/mentions-legales\/#breadcrumb","itemListElement":[{"@type":"ListItem","position":1,"name":"Accueil","item":"https:\/\/canalcanoe.fr\/"},{"@type":"ListItem","position":2,"name":"mentions legales"}]},{"@type":"WebSite","@id":"https:\/\/canalcanoe.fr\/#website","url":"https:\/\/canalcanoe.fr\/","name":"cano\u00eb La rochelle","description":"Location de cano\u00eb \u00e0 La Rochelle","potentialAction":[{"@type":"SearchAction","target":{"@type":"EntryPoint","urlTemplate":"https:\/\/canalcanoe.fr\/?s={search_term_string}"},"query-input":{"@type":"PropertyValueSpecification","valueRequired":true,"valueName":"search_term_string"}}],"inLanguage":"fr-FR"}]}},"jetpack_sharing_enabled":true,"jetpack_shortlink":"https:\/\/wp.me\/P8OKEM-35","jetpack-related-posts":[],"_links":{"self":[{"href":"https:\/\/canalcanoe.fr\/index.php\/wp-json\/wp\/v2\/pages\/191","targetHints":{"allow":["GET"]}}],"collection":[{"href":"https:\/\/canalcanoe.fr\/index.php\/wp-json\/wp\/v2\/pages"}],"about":[{"href":"https:\/\/canalcanoe.fr\/index.php\/wp-json\/wp\/v2\/types\/page"}],"author":[{"embeddable":true,"href":"https:\/\/canalcanoe.fr\/index.php\/wp-json\/wp\/v2\/users\/1"}],"replies":[{"embeddable":true,"href":"https:\/\/canalcanoe.fr\/index.php\/wp-json\/wp\/v2\/comments?post=191"}],"version-history":[{"count":1,"href":"https:\/\/canalcanoe.fr\/index.php\/wp-json\/wp\/v2\/pages\/191\/revisions"}],"predecessor-version":[{"id":192,"href":"https:\/\/canalcanoe.fr\/index.php\/wp-json\/wp\/v2\/pages\/191\/revisions\/192"}],"wp:attachment":[{"href":"https:\/\/canalcanoe.fr\/index.php\/wp-json\/wp\/v2\/media?parent=191"}],"curies":[{"name":"wp","href":"https:\/\/api.w.org\/{rel}","templated":true}]}}