{"id":2,"date":"2016-01-29T16:43:20","date_gmt":"2016-01-29T15:43:20","guid":{"rendered":"http:\/\/canalcanoe.fr\/?page_id=2"},"modified":"2016-01-29T16:43:20","modified_gmt":"2016-01-29T15:43:20","slug":"page-d-exemple","status":"publish","type":"page","link":"https:\/\/canalcanoe.fr\/index.php\/page-d-exemple\/","title":{"rendered":"Page d&rsquo;exemple"},"content":{"rendered":"<p>Voici un exemple de page. Elle est diff\u00e9rente d&rsquo;un article de blog, en cela qu&rsquo;elle restera \u00e0 la m\u00eame place, et s&rsquo;affichera dans le menu de navigation de votre site (en fonction de votre th\u00e8me). La plupart des gens commencent par \u00e9crire une page \u00ab \u00c0 Propos \u00bb qui les pr\u00e9sente aux visiteurs potentiels du site. Vous pourriez y \u00e9crire quelque chose de ce tenant :<\/p>\n<blockquote><p>Bonjour ! Je suis un m\u00e9canicien qui aspire \u00e0 devenir un acteur, et voici mon blog. J&rsquo;habite \u00e0 Bordeaux, j&rsquo;ai un super chien baptis\u00e9 Russell, et j&rsquo;aime la vodka-ananas (ainsi que regarder la pluie tomber).<\/p><\/blockquote>\n<p>&#8230;ou bien quelque chose comme \u00e7a :<\/p>\n<blockquote><p>La soci\u00e9t\u00e9 123 Machin Truc a \u00e9t\u00e9 cr\u00e9\u00e9e en 1971, et n&rsquo;a cess\u00e9 de proposer au public des machins-trucs de qualit\u00e9 depuis lors. Situ\u00e9e \u00e0 Saint-Remy-en-Bouzemont-Saint-Genest-et-Isson, 123 Machin Truc emploie 2 000 personnes, et fabrique toutes sortes de bidules super pour la communaut\u00e9 bouzemontoise.<\/p><\/blockquote>\n<p>\u00c9tant donn\u00e9 que vous \u00eates un nouvel utilisateur de WordPress, vous devriez vous rendre sur votre <a href=\"https:\/\/canalcanoe.fr\/wp-admin\/\">tableau de bord<\/a> pour effacer la pr\u00e9sente page, et cr\u00e9er de nouvelles pages avec votre propre contenu. Amusez-vous bien !<\/p>\n","protected":false},"excerpt":{"rendered":"<p>Voici un exemple de page. Elle est diff\u00e9rente d&rsquo;un article de blog, en cela qu&rsquo;elle restera \u00e0 la m\u00eame place, et s&rsquo;affichera dans le menu de navigation de votre site (en fonction de votre th\u00e8me). La plupart des gens commencent par \u00e9crire une page \u00ab \u00c0 Propos \u00bb qui les pr\u00e9sente aux visiteurs potentiels du [&hellip;]<\/p>\n","protected":false},"author":1,"featured_media":0,"parent":0,"menu_order":0,"comment_status":"closed","ping_status":"open","template":"","meta":{"_et_pb_use_builder":"","_et_pb_old_content":"","_et_gb_content_width":"","_monsterinsights_skip_tracking":false,"_monsterinsights_sitenote_active":false,"_monsterinsights_sitenote_note":"","_monsterinsights_sitenote_category":0,"jetpack_post_was_ever_published":false,"footnotes":""},"class_list":["post-2","page","type-page","status-publish","hentry"],"yoast_head":"<!-- This site is optimized with the Yoast SEO plugin v27.3 - https:\/\/yoast.com\/product\/yoast-seo-wordpress\/ -->\n<title>Page d&rsquo;exemple - cano\u00eb La rochelle<\/title>\n<meta name=\"robots\" content=\"index, follow, max-snippet:-1, max-image-preview:large, max-video-preview:-1\" \/>\n<link rel=\"canonical\" href=\"https:\/\/canalcanoe.fr\/index.php\/page-d-exemple\/\" \/>\n<meta property=\"og:locale\" content=\"fr_FR\" \/>\n<meta property=\"og:type\" content=\"article\" \/>\n<meta property=\"og:title\" content=\"Page d&rsquo;exemple - cano\u00eb La rochelle\" \/>\n<meta property=\"og:description\" content=\"Voici un exemple de page. Elle est diff\u00e9rente d&rsquo;un article de blog, en cela qu&rsquo;elle restera \u00e0 la m\u00eame place, et s&rsquo;affichera dans le menu de navigation de votre site (en fonction de votre th\u00e8me). La plupart des gens commencent par \u00e9crire une page \u00ab \u00c0 Propos \u00bb qui les pr\u00e9sente aux visiteurs potentiels du [&hellip;]\" \/>\n<meta property=\"og:url\" content=\"https:\/\/canalcanoe.fr\/index.php\/page-d-exemple\/\" \/>\n<meta property=\"og:site_name\" content=\"cano\u00eb La rochelle\" \/>\n<meta name=\"twitter:card\" content=\"summary_large_image\" \/>\n<meta name=\"twitter:label1\" content=\"Dur\u00e9e de lecture estim\u00e9e\" \/>\n\t<meta name=\"twitter:data1\" content=\"1 minute\" \/>\n<script type=\"application\/ld+json\" class=\"yoast-schema-graph\">{\"@context\":\"https:\\\/\\\/schema.org\",\"@graph\":[{\"@type\":\"WebPage\",\"@id\":\"https:\\\/\\\/canalcanoe.fr\\\/index.php\\\/page-d-exemple\\\/\",\"url\":\"https:\\\/\\\/canalcanoe.fr\\\/index.php\\\/page-d-exemple\\\/\",\"name\":\"Page d&rsquo;exemple - cano\u00eb La rochelle\",\"isPartOf\":{\"@id\":\"https:\\\/\\\/canalcanoe.fr\\\/#website\"},\"datePublished\":\"2016-01-29T15:43:20+00:00\",\"breadcrumb\":{\"@id\":\"https:\\\/\\\/canalcanoe.fr\\\/index.php\\\/page-d-exemple\\\/#breadcrumb\"},\"inLanguage\":\"fr-FR\",\"potentialAction\":[{\"@type\":\"ReadAction\",\"target\":[\"https:\\\/\\\/canalcanoe.fr\\\/index.php\\\/page-d-exemple\\\/\"]}]},{\"@type\":\"BreadcrumbList\",\"@id\":\"https:\\\/\\\/canalcanoe.fr\\\/index.php\\\/page-d-exemple\\\/#breadcrumb\",\"itemListElement\":[{\"@type\":\"ListItem\",\"position\":1,\"name\":\"Accueil\",\"item\":\"https:\\\/\\\/canalcanoe.fr\\\/\"},{\"@type\":\"ListItem\",\"position\":2,\"name\":\"Page d&rsquo;exemple\"}]},{\"@type\":\"WebSite\",\"@id\":\"https:\\\/\\\/canalcanoe.fr\\\/#website\",\"url\":\"https:\\\/\\\/canalcanoe.fr\\\/\",\"name\":\"cano\u00eb La rochelle\",\"description\":\"Location de cano\u00eb \u00e0 La Rochelle\",\"potentialAction\":[{\"@type\":\"SearchAction\",\"target\":{\"@type\":\"EntryPoint\",\"urlTemplate\":\"https:\\\/\\\/canalcanoe.fr\\\/?s={search_term_string}\"},\"query-input\":{\"@type\":\"PropertyValueSpecification\",\"valueRequired\":true,\"valueName\":\"search_term_string\"}}],\"inLanguage\":\"fr-FR\"}]}<\/script>\n<!-- \/ Yoast SEO plugin. -->","yoast_head_json":{"title":"Page d&rsquo;exemple - cano\u00eb La rochelle","robots":{"index":"index","follow":"follow","max-snippet":"max-snippet:-1","max-image-preview":"max-image-preview:large","max-video-preview":"max-video-preview:-1"},"canonical":"https:\/\/canalcanoe.fr\/index.php\/page-d-exemple\/","og_locale":"fr_FR","og_type":"article","og_title":"Page d&rsquo;exemple - cano\u00eb La rochelle","og_description":"Voici un exemple de page. Elle est diff\u00e9rente d&rsquo;un article de blog, en cela qu&rsquo;elle restera \u00e0 la m\u00eame place, et s&rsquo;affichera dans le menu de navigation de votre site (en fonction de votre th\u00e8me). La plupart des gens commencent par \u00e9crire une page \u00ab \u00c0 Propos \u00bb qui les pr\u00e9sente aux visiteurs potentiels du [&hellip;]","og_url":"https:\/\/canalcanoe.fr\/index.php\/page-d-exemple\/","og_site_name":"cano\u00eb La rochelle","twitter_card":"summary_large_image","twitter_misc":{"Dur\u00e9e de lecture estim\u00e9e":"1 minute"},"schema":{"@context":"https:\/\/schema.org","@graph":[{"@type":"WebPage","@id":"https:\/\/canalcanoe.fr\/index.php\/page-d-exemple\/","url":"https:\/\/canalcanoe.fr\/index.php\/page-d-exemple\/","name":"Page d&rsquo;exemple - cano\u00eb La rochelle","isPartOf":{"@id":"https:\/\/canalcanoe.fr\/#website"},"datePublished":"2016-01-29T15:43:20+00:00","breadcrumb":{"@id":"https:\/\/canalcanoe.fr\/index.php\/page-d-exemple\/#breadcrumb"},"inLanguage":"fr-FR","potentialAction":[{"@type":"ReadAction","target":["https:\/\/canalcanoe.fr\/index.php\/page-d-exemple\/"]}]},{"@type":"BreadcrumbList","@id":"https:\/\/canalcanoe.fr\/index.php\/page-d-exemple\/#breadcrumb","itemListElement":[{"@type":"ListItem","position":1,"name":"Accueil","item":"https:\/\/canalcanoe.fr\/"},{"@type":"ListItem","position":2,"name":"Page d&rsquo;exemple"}]},{"@type":"WebSite","@id":"https:\/\/canalcanoe.fr\/#website","url":"https:\/\/canalcanoe.fr\/","name":"cano\u00eb La rochelle","description":"Location de cano\u00eb \u00e0 La Rochelle","potentialAction":[{"@type":"SearchAction","target":{"@type":"EntryPoint","urlTemplate":"https:\/\/canalcanoe.fr\/?s={search_term_string}"},"query-input":{"@type":"PropertyValueSpecification","valueRequired":true,"valueName":"search_term_string"}}],"inLanguage":"fr-FR"}]}},"jetpack_sharing_enabled":true,"jetpack_shortlink":"https:\/\/wp.me\/P8OKEM-2","jetpack-related-posts":[],"_links":{"self":[{"href":"https:\/\/canalcanoe.fr\/index.php\/wp-json\/wp\/v2\/pages\/2","targetHints":{"allow":["GET"]}}],"collection":[{"href":"https:\/\/canalcanoe.fr\/index.php\/wp-json\/wp\/v2\/pages"}],"about":[{"href":"https:\/\/canalcanoe.fr\/index.php\/wp-json\/wp\/v2\/types\/page"}],"author":[{"embeddable":true,"href":"https:\/\/canalcanoe.fr\/index.php\/wp-json\/wp\/v2\/users\/1"}],"replies":[{"embeddable":true,"href":"https:\/\/canalcanoe.fr\/index.php\/wp-json\/wp\/v2\/comments?post=2"}],"version-history":[{"count":0,"href":"https:\/\/canalcanoe.fr\/index.php\/wp-json\/wp\/v2\/pages\/2\/revisions"}],"wp:attachment":[{"href":"https:\/\/canalcanoe.fr\/index.php\/wp-json\/wp\/v2\/media?parent=2"}],"curies":[{"name":"wp","href":"https:\/\/api.w.org\/{rel}","templated":true}]}}