{"id":293,"date":"2018-04-12T15:33:02","date_gmt":"2018-04-12T14:33:02","guid":{"rendered":"http:\/\/canalcanoe.fr\/?page_id=293"},"modified":"2024-05-16T10:30:35","modified_gmt":"2024-05-16T09:30:35","slug":"location-canoe-la-rochelle-canal-marans","status":"publish","type":"page","link":"https:\/\/canalcanoe.fr\/","title":{"rendered":"Location cano\u00eb La Rochelle canal Marans"},"content":{"rendered":"<p>[et_pb_section fb_built=\u00a0\u00bb1&Prime; _builder_version=\u00a0\u00bb4.16&Prime; background_color=\u00a0\u00bb#ffffff\u00a0\u00bb top_divider_style=\u00a0\u00bbwaves2&Prime; top_divider_color=\u00a0\u00bb#e88b00&Prime; global_colors_info=\u00a0\u00bb{}\u00a0\u00bb][et_pb_row _builder_version=\u00a0\u00bb4.16&Prime; background_size=\u00a0\u00bbinitial\u00a0\u00bb background_position=\u00a0\u00bbtop_left\u00a0\u00bb background_repeat=\u00a0\u00bbrepeat\u00a0\u00bb global_colors_info=\u00a0\u00bb{}\u00a0\u00bb column_structure=\u00a0\u00bb2_3,1_3&Prime;][et_pb_column type=\u00a0\u00bb2_3&Prime; _builder_version=\u00a0\u00bb4.16&Prime; custom_padding=\u00a0\u00bb|||\u00a0\u00bb global_colors_info=\u00a0\u00bb{}\u00a0\u00bb custom_padding__hover=\u00a0\u00bb|||\u00a0\u00bb][et_pb_text _builder_version=\u00a0\u00bb4.16&Prime; global_colors_info=\u00a0\u00bb{}\u00a0\u00bb]<\/p>\n<h1>Canal Cano\u00eb &#8211; Location cano\u00eb La Rochelle<\/h1>\n<p>[\/et_pb_text][et_pb_image src=\u00a0\u00bbhttps:\/\/canalcanoe.fr\/wp-content\/uploads\/2018\/06\/location-canal-canoe-10.jpg\u00a0\u00bb alt=\u00a0\u00bbEmbarcad\u00e8re canal canoe La Rochelle\u00a0\u00bb title_text=\u00a0\u00bbEmbarcad\u00e8re canal canoe La Rochelle\u00a0\u00bb align_tablet=\u00a0\u00bbcenter\u00a0\u00bb align_last_edited=\u00a0\u00bbon|desktop\u00a0\u00bb _builder_version=\u00a0\u00bb4.16&Prime; global_colors_info=\u00a0\u00bb{}\u00a0\u00bb align_phone=\u00a0\u00bbcenter\u00a0\u00bb][\/et_pb_image][et_pb_text _builder_version=\u00a0\u00bb4.16&Prime; global_colors_info=\u00a0\u00bb{}\u00a0\u00bb]<\/p>\n<h3>Pensez \u00e0 r\u00e9server vos cano\u00ebs<\/h3>\n<p>Nous avons une jolie flotte de cano\u00ebs naviguant sur le canal, environ 20 unit\u00e9s. Nos cano\u00ebs sont en parfait \u00e9tat, lou\u00e9s avec tout le mat\u00e9riel de s\u00e9curit\u00e9. Les gilets de sauvetage ainsi que des bidons \u00e9tanches sont disponibles \u00e0 la base nautique. Cependant, aux p\u00e9riodes de pointe et pour les groupes, n&rsquo;h\u00e9sitez pas \u00e0 r\u00e9server. Vous pouvez envoyer un SMS au\u00a006 86 82 42 34, nous vous\u00a0 confirmerons la r\u00e9servation par retour.<br \/>\n[\/et_pb_text][\/et_pb_column][et_pb_column type=\u00a0\u00bb1_3&Prime; _builder_version=\u00a0\u00bb4.16&Prime; custom_padding=\u00a0\u00bb|||\u00a0\u00bb global_colors_info=\u00a0\u00bb{}\u00a0\u00bb custom_padding__hover=\u00a0\u00bb|||\u00a0\u00bb][et_pb_text _builder_version=\u00a0\u00bb4.16&Prime; global_colors_info=\u00a0\u00bb{}\u00a0\u00bb]<\/p>\n<h1>Naviguer en cano\u00eb<\/h1>\n<p>Canal cano\u00eb, loue des cano\u00ebs \u00e0 La Rochelle. Les cano\u00ebs naviguent sur le canal de Marans \u00e0 La Rochelle. Le d\u00e9part s&rsquo;effectue \u00e0 la maison de l&rsquo;\u00e9clusier, situ\u00e9 232 rue de P\u00e9rigny \u00e0 La Rochelle. La navigation est possible jusqu&rsquo;\u00e0 la gare de Mouillepied.<\/p>\n<h3>Navigation tous niveaux<\/h3>\n<p>Il n&rsquo;y a pas besoin d&rsquo;\u00eatre un expert en cano\u00eb pour profiter d&rsquo;une balade sur le canal de Marans. Les eaux sont paisibles, sans courant. Ainsi, vous pourrez naviguer en famille dans nos cano\u00ebs, deux ou trois places. Notre flotte comprend une vingtaine de cano\u00ebs et de kayak, une place. Venez entre amis passer un moment convivial au coeur de La Rochelle.<br \/>\n[\/et_pb_text][et_pb_image src=\u00a0\u00bbhttps:\/\/canalcanoe.fr\/wp-content\/uploads\/2018\/06\/location-canal-canoe-8.jpg\u00a0\u00bb align_tablet=\u00a0\u00bbcenter\u00a0\u00bb align_last_edited=\u00a0\u00bbon|desktop\u00a0\u00bb _builder_version=\u00a0\u00bb4.16&Prime; global_colors_info=\u00a0\u00bb{}\u00a0\u00bb align_phone=\u00a0\u00bbcenter\u00a0\u00bb][\/et_pb_image][\/et_pb_column][\/et_pb_row][et_pb_row _builder_version=\u00a0\u00bb4.24.1&Prime; _module_preset=\u00a0\u00bbdefault\u00a0\u00bb theme_builder_area=\u00a0\u00bbpost_content\u00a0\u00bb][et_pb_column _builder_version=\u00a0\u00bb4.24.1&Prime; _module_preset=\u00a0\u00bbdefault\u00a0\u00bb type=\u00a0\u00bb4_4&Prime; theme_builder_area=\u00a0\u00bbpost_content\u00a0\u00bb][et_pb_text _builder_version=\u00a0\u00bb4.24.1&Prime; _module_preset=\u00a0\u00bbdefault\u00a0\u00bb theme_builder_area=\u00a0\u00bbpost_content\u00a0\u00bb hover_enabled=\u00a0\u00bb0&Prime; sticky_enabled=\u00a0\u00bb0&Prime; text_font_size=\u00a0\u00bb18px\u00a0\u00bb text_text_color=\u00a0\u00bb#E09900&Prime; header_2_text_color=\u00a0\u00bb#168722&Prime; border_radii=\u00a0\u00bbon|2px|2px|2px|2px\u00a0\u00bb border_width_all=\u00a0\u00bb3px\u00a0\u00bb border_color_all=\u00a0\u00bb#168234&Prime; custom_padding=\u00a0\u00bb4px|4px|4px|4px|false|false\u00a0\u00bb]<\/p>\n<h2 style=\"text-align: center;\">Stationnement gratuit<\/h2>\n<p style=\"text-align: justify;\">Nous vous conseillons de stationner votre v\u00e9hicule au 209 rue de P\u00e9rigny sur le grand parking face au lyc\u00e9e. Vous pourrez rejoindre la base \u00a0situ\u00e9e au 232 rue de P\u00e9rigny en 2 minutes \u00e0 pied.<\/p>\n<p>[\/et_pb_text][\/et_pb_column][\/et_pb_row][\/et_pb_section][et_pb_section fb_built=\u00a0\u00bb1&Prime; _builder_version=\u00a0\u00bb4.16&Prime; top_divider_style=\u00a0\u00bbslant\u00a0\u00bb top_divider_color=\u00a0\u00bb#09771b\u00a0\u00bb global_colors_info=\u00a0\u00bb{}\u00a0\u00bb][et_pb_row _builder_version=\u00a0\u00bb4.16&Prime; background_size=\u00a0\u00bbinitial\u00a0\u00bb background_position=\u00a0\u00bbtop_left\u00a0\u00bb background_repeat=\u00a0\u00bbrepeat\u00a0\u00bb global_colors_info=\u00a0\u00bb{}\u00a0\u00bb][et_pb_column type=\u00a0\u00bb4_4&Prime; _builder_version=\u00a0\u00bb4.16&Prime; custom_padding=\u00a0\u00bb|||\u00a0\u00bb global_colors_info=\u00a0\u00bb{}\u00a0\u00bb custom_padding__hover=\u00a0\u00bb|||\u00a0\u00bb][et_pb_text _builder_version=\u00a0\u00bb4.16&Prime; global_colors_info=\u00a0\u00bb{}\u00a0\u00bb]<\/p>\n<h1 style=\"text-align: center;\">Le canal offre des paysages originaux \u00e0 La Rochelle<\/h1>\n<p>[\/et_pb_text][\/et_pb_column][\/et_pb_row][et_pb_row _builder_version=\u00a0\u00bb4.16&Prime; background_size=\u00a0\u00bbinitial\u00a0\u00bb background_position=\u00a0\u00bbtop_left\u00a0\u00bb background_repeat=\u00a0\u00bbrepeat\u00a0\u00bb global_colors_info=\u00a0\u00bb{}\u00a0\u00bb column_structure=\u00a0\u00bb1_4,1_4,1_4,1_4&Prime;][et_pb_column type=\u00a0\u00bb1_4&Prime; _builder_version=\u00a0\u00bb4.16&Prime; custom_padding=\u00a0\u00bb|||\u00a0\u00bb global_colors_info=\u00a0\u00bb{}\u00a0\u00bb custom_padding__hover=\u00a0\u00bb|||\u00a0\u00bb][et_pb_image src=\u00a0\u00bbhttps:\/\/canalcanoe.fr\/wp-content\/uploads\/2018\/06\/location-canal-canoe-1.jpg\u00a0\u00bb alt=\u00a0\u00bblocation cano\u00eb La Rochelle\u00a0\u00bb title_text=\u00a0\u00bblocation cano\u00eb La Rochelle\u00a0\u00bb url=\u00a0\u00bbhttps:\/\/canalcanoe.fr\/index.php\/canal-canoe-la-rochelle-photos\/\u00a0\u00bb align_tablet=\u00a0\u00bbcenter\u00a0\u00bb align_last_edited=\u00a0\u00bbon|desktop\u00a0\u00bb _builder_version=\u00a0\u00bb4.16&Prime; global_colors_info=\u00a0\u00bb{}\u00a0\u00bb align_phone=\u00a0\u00bbcenter\u00a0\u00bb][\/et_pb_image][\/et_pb_column][et_pb_column type=\u00a0\u00bb1_4&Prime; _builder_version=\u00a0\u00bb4.16&Prime; custom_padding=\u00a0\u00bb|||\u00a0\u00bb global_colors_info=\u00a0\u00bb{}\u00a0\u00bb custom_padding__hover=\u00a0\u00bb|||\u00a0\u00bb][et_pb_image src=\u00a0\u00bbhttps:\/\/canalcanoe.fr\/wp-content\/uploads\/2018\/06\/location-canoe-la-rochelle-9.jpg\u00a0\u00bb alt=\u00a0\u00bblocation cano\u00eb La Rochelle\u00a0\u00bb title_text=\u00a0\u00bblocation cano\u00eb La Rochelle\u00a0\u00bb url=\u00a0\u00bbhttps:\/\/canalcanoe.fr\/index.php\/canal-canoe-la-rochelle-photos\/\u00a0\u00bb align_tablet=\u00a0\u00bbcenter\u00a0\u00bb align_last_edited=\u00a0\u00bbon|desktop\u00a0\u00bb _builder_version=\u00a0\u00bb4.16&Prime; global_colors_info=\u00a0\u00bb{}\u00a0\u00bb align_phone=\u00a0\u00bbcenter\u00a0\u00bb][\/et_pb_image][\/et_pb_column][et_pb_column type=\u00a0\u00bb1_4&Prime; _builder_version=\u00a0\u00bb4.16&Prime; custom_padding=\u00a0\u00bb|||\u00a0\u00bb global_colors_info=\u00a0\u00bb{}\u00a0\u00bb custom_padding__hover=\u00a0\u00bb|||\u00a0\u00bb][et_pb_image src=\u00a0\u00bbhttps:\/\/canalcanoe.fr\/wp-content\/uploads\/2018\/06\/location-canoe-la-rochelle-1.jpg\u00a0\u00bb alt=\u00a0\u00bblocation cano\u00eb La Rochelle\u00a0\u00bb title_text=\u00a0\u00bblocation cano\u00eb La Rochelle\u00a0\u00bb url=\u00a0\u00bbhttps:\/\/canalcanoe.fr\/index.php\/canal-canoe-la-rochelle-photos\/\u00a0\u00bb align_tablet=\u00a0\u00bbcenter\u00a0\u00bb align_last_edited=\u00a0\u00bbon|desktop\u00a0\u00bb _builder_version=\u00a0\u00bb4.16&Prime; global_colors_info=\u00a0\u00bb{}\u00a0\u00bb align_phone=\u00a0\u00bbcenter\u00a0\u00bb][\/et_pb_image][\/et_pb_column][et_pb_column type=\u00a0\u00bb1_4&Prime; _builder_version=\u00a0\u00bb4.16&Prime; custom_padding=\u00a0\u00bb|||\u00a0\u00bb global_colors_info=\u00a0\u00bb{}\u00a0\u00bb custom_padding__hover=\u00a0\u00bb|||\u00a0\u00bb][et_pb_image src=\u00a0\u00bbhttps:\/\/canalcanoe.fr\/wp-content\/uploads\/2018\/06\/location-canoe-la-rochelle-3.jpg\u00a0\u00bb alt=\u00a0\u00bblocation cano\u00eb La Rochelle\u00a0\u00bb title_text=\u00a0\u00bblocation cano\u00eb La Rochelle\u00a0\u00bb url=\u00a0\u00bbhttps:\/\/canalcanoe.fr\/index.php\/canal-canoe-la-rochelle-photos\/\u00a0\u00bb align_tablet=\u00a0\u00bbcenter\u00a0\u00bb align_last_edited=\u00a0\u00bbon|desktop\u00a0\u00bb _builder_version=\u00a0\u00bb4.16&Prime; global_colors_info=\u00a0\u00bb{}\u00a0\u00bb align_phone=\u00a0\u00bbcenter\u00a0\u00bb][\/et_pb_image][\/et_pb_column][\/et_pb_row][et_pb_row _builder_version=\u00a0\u00bb4.16&Prime; background_size=\u00a0\u00bbinitial\u00a0\u00bb background_position=\u00a0\u00bbtop_left\u00a0\u00bb background_repeat=\u00a0\u00bbrepeat\u00a0\u00bb global_colors_info=\u00a0\u00bb{}\u00a0\u00bb][et_pb_column type=\u00a0\u00bb4_4&Prime; _builder_version=\u00a0\u00bb4.16&Prime; custom_padding=\u00a0\u00bb|||\u00a0\u00bb global_colors_info=\u00a0\u00bb{}\u00a0\u00bb custom_padding__hover=\u00a0\u00bb|||\u00a0\u00bb][et_pb_text _builder_version=\u00a0\u00bb4.16&Prime; global_colors_info=\u00a0\u00bb{}\u00a0\u00bb]<\/p>\n<h1 style=\"text-align: center;\">Canal Cano\u00eb location cano\u00eb La Rochelle<\/h1>\n<p>[\/et_pb_text][\/et_pb_column][\/et_pb_row][et_pb_row _builder_version=\u00a0\u00bb4.16&Prime; background_size=\u00a0\u00bbinitial\u00a0\u00bb background_position=\u00a0\u00bbtop_left\u00a0\u00bb background_repeat=\u00a0\u00bbrepeat\u00a0\u00bb global_colors_info=\u00a0\u00bb{}\u00a0\u00bb column_structure=\u00a0\u00bb1_2,1_2&Prime;][et_pb_column type=\u00a0\u00bb1_2&Prime; _builder_version=\u00a0\u00bb4.16&Prime; custom_padding=\u00a0\u00bb|||\u00a0\u00bb global_colors_info=\u00a0\u00bb{}\u00a0\u00bb custom_padding__hover=\u00a0\u00bb|||\u00a0\u00bb][et_pb_text _builder_version=\u00a0\u00bb4.16&Prime; global_colors_info=\u00a0\u00bb{}\u00a0\u00bb]<\/p>\n<h1 style=\"text-align: center;\">Coups de Pagaies<\/h1>\n<h4 style=\"text-align: center;\">\u00a0\u00a9 Anekdota Productions 2003<\/h4>\n<p>[\/et_pb_text][et_pb_video src=\u00a0\u00bbhttps:\/\/youtu.be\/GeKfKdJAshA\u00a0\u00bb image_src=\u00a0\u00bbhttps:\/\/canalcanoe.fr\/wp-content\/uploads\/2018\/04\/Capture-d\u2019e\u0301cran-2018-04-12-a\u0300-16.26.51.png\u00a0\u00bb _builder_version=\u00a0\u00bb4.16&Prime; global_colors_info=\u00a0\u00bb{}\u00a0\u00bb][\/et_pb_video][\/et_pb_column][et_pb_column type=\u00a0\u00bb1_2&Prime; _builder_version=\u00a0\u00bb4.16&Prime; custom_padding=\u00a0\u00bb|||\u00a0\u00bb global_colors_info=\u00a0\u00bb{}\u00a0\u00bb custom_padding__hover=\u00a0\u00bb|||\u00a0\u00bb][et_pb_text _builder_version=\u00a0\u00bb4.16&Prime; global_colors_info=\u00a0\u00bb{}\u00a0\u00bb]<\/p>\n<h3>Le parcours navigable en cano\u00eb\u00a0 La Rochelle<\/h3>\n<p>[\/et_pb_text][et_pb_image src=\u00a0\u00bbhttps:\/\/canalcanoe.fr\/wp-content\/uploads\/2018\/03\/carte-canal.jpg\u00a0\u00bb alt=\u00a0\u00bbcanal de Marans \u00a0\u00bb title_text=\u00a0\u00bbcanal de Marans \u00a0\u00bb show_in_lightbox=\u00a0\u00bbon\u00a0\u00bb use_overlay=\u00a0\u00bbon\u00a0\u00bb overlay_icon_color=\u00a0\u00bb#e07b00&Prime; hover_icon=\u00a0\u00bb&#x54;||divi||400&Prime; align_tablet=\u00a0\u00bbcenter\u00a0\u00bb align_last_edited=\u00a0\u00bbon|desktop\u00a0\u00bb _builder_version=\u00a0\u00bb4.16&Prime; global_colors_info=\u00a0\u00bb{}\u00a0\u00bb align_phone=\u00a0\u00bbcenter\u00a0\u00bb][\/et_pb_image][\/et_pb_column][\/et_pb_row][\/et_pb_section][et_pb_section fb_built=\u00a0\u00bb1&Prime; _builder_version=\u00a0\u00bb4.16&Prime; global_colors_info=\u00a0\u00bb{}\u00a0\u00bb][et_pb_row _builder_version=\u00a0\u00bb4.16&Prime; global_colors_info=\u00a0\u00bb{}\u00a0\u00bb column_structure=\u00a0\u00bb1_2,1_2&Prime;][et_pb_column type=\u00a0\u00bb1_2&Prime; _builder_version=\u00a0\u00bb4.16&Prime; custom_padding=\u00a0\u00bb|||\u00a0\u00bb global_colors_info=\u00a0\u00bb{}\u00a0\u00bb custom_padding__hover=\u00a0\u00bb|||\u00a0\u00bb][\/et_pb_column][et_pb_column type=\u00a0\u00bb1_2&Prime; _builder_version=\u00a0\u00bb4.16&Prime; custom_padding=\u00a0\u00bb|||\u00a0\u00bb global_colors_info=\u00a0\u00bb{}\u00a0\u00bb custom_padding__hover=\u00a0\u00bb|||\u00a0\u00bb][et_pb_image src=\u00a0\u00bbhttps:\/\/canalcanoe.fr\/wp-content\/uploads\/2018\/03\/logo-geoportail.jpg\u00a0\u00bb alt=\u00a0\u00bblogo-geoportail \u00a0\u00bb title_text=\u00a0\u00bblogo-geoportail\u00a0\u00bb url=\u00a0\u00bbhttps:\/\/www.geoportail.gouv.fr\/carte?c=-1.0876480782257263,46.1751048336578&#038;z=14&#038;l0=ORTHOIMAGERY.ORTHOPHOTOS::GEOPORTAIL:OGC:WMTS(0.91)&#038;l1=CADASTRALPARCELS.PARCELS::GEOPORTAIL:OGC:WMTS(0)&#038;l2=ADMINISTRATIVEUNITS.BOUNDARIES::GEOPORTAIL:OGC:WMTS(0)&#038;permalink=yes\u00a0\u00bb url_new_window=\u00a0\u00bbon\u00a0\u00bb use_overlay=\u00a0\u00bbon\u00a0\u00bb overlay_icon_color=\u00a0\u00bb#e07b00&Prime; align_tablet=\u00a0\u00bbcenter\u00a0\u00bb align_last_edited=\u00a0\u00bbon|desktop\u00a0\u00bb _builder_version=\u00a0\u00bb4.16&Prime; global_colors_info=\u00a0\u00bb{}\u00a0\u00bb align_phone=\u00a0\u00bbcenter\u00a0\u00bb][\/et_pb_image][\/et_pb_column][\/et_pb_row][\/et_pb_section]<\/p>\n","protected":false},"excerpt":{"rendered":"<p>Canal Cano\u00eb &#8211; Location cano\u00eb La Rochelle Pensez \u00e0 r\u00e9server vos cano\u00ebs Nous avons une jolie flotte de cano\u00ebs naviguant sur le canal, environ 20 unit\u00e9s. Nos cano\u00ebs sont en parfait \u00e9tat, lou\u00e9s avec tout le mat\u00e9riel de s\u00e9curit\u00e9. Les gilets de sauvetage ainsi que des bidons \u00e9tanches sont disponibles \u00e0 la base nautique. Cependant, [&hellip;]<\/p>\n","protected":false},"author":1,"featured_media":0,"parent":0,"menu_order":0,"comment_status":"closed","ping_status":"closed","template":"","meta":{"_et_pb_use_builder":"on","_et_pb_old_content":"","_et_gb_content_width":"","_monsterinsights_skip_tracking":false,"_monsterinsights_sitenote_active":false,"_monsterinsights_sitenote_note":"","_monsterinsights_sitenote_category":0,"jetpack_post_was_ever_published":false,"footnotes":""},"class_list":["post-293","page","type-page","status-publish","hentry"],"yoast_head":"<!-- This site is optimized with the Yoast SEO plugin v27.3 - https:\/\/yoast.com\/product\/yoast-seo-wordpress\/ -->\n<title>Location cano\u00eb La Rochelle - Canal Cano\u00eb La Rochelle<\/title>\n<meta name=\"description\" content=\"Canal Cano\u00eb, location cano\u00eb La Rochelle. Au d\u00e9part de La Rochelle, une navigation paisible sur le Canal de Marans. Location \u00e0 l&#039;heure ou pour la journ\u00e9e. La navigation est possible sur une dizaine de kilom\u00e8tres.\" \/>\n<meta name=\"robots\" content=\"index, follow, max-snippet:-1, max-image-preview:large, max-video-preview:-1\" \/>\n<link rel=\"canonical\" href=\"https:\/\/canalcanoe.fr\/\" \/>\n<meta property=\"og:locale\" content=\"fr_FR\" \/>\n<meta property=\"og:type\" content=\"article\" \/>\n<meta property=\"og:title\" content=\"Location cano\u00eb La Rochelle - Canal Cano\u00eb La Rochelle\" \/>\n<meta property=\"og:description\" content=\"Canal Cano\u00eb, location cano\u00eb La Rochelle. Au d\u00e9part de La Rochelle, une navigation paisible sur le Canal de Marans. Location \u00e0 l&#039;heure ou pour la journ\u00e9e. La navigation est possible sur une dizaine de kilom\u00e8tres.\" \/>\n<meta property=\"og:url\" content=\"https:\/\/canalcanoe.fr\/\" \/>\n<meta property=\"og:site_name\" content=\"cano\u00eb La rochelle\" \/>\n<meta property=\"article:modified_time\" content=\"2024-05-16T09:30:35+00:00\" \/>\n<meta name=\"twitter:card\" content=\"summary_large_image\" \/>\n<meta name=\"twitter:label1\" content=\"Dur\u00e9e de lecture estim\u00e9e\" \/>\n\t<meta name=\"twitter:data1\" content=\"6 minutes\" \/>\n<script type=\"application\/ld+json\" class=\"yoast-schema-graph\">{\"@context\":\"https:\\\/\\\/schema.org\",\"@graph\":[{\"@type\":\"WebPage\",\"@id\":\"https:\\\/\\\/canalcanoe.fr\\\/\",\"url\":\"https:\\\/\\\/canalcanoe.fr\\\/\",\"name\":\"Location cano\u00eb La Rochelle - Canal Cano\u00eb La Rochelle\",\"isPartOf\":{\"@id\":\"https:\\\/\\\/canalcanoe.fr\\\/#website\"},\"datePublished\":\"2018-04-12T14:33:02+00:00\",\"dateModified\":\"2024-05-16T09:30:35+00:00\",\"description\":\"Canal Cano\u00eb, location cano\u00eb La Rochelle. Au d\u00e9part de La Rochelle, une navigation paisible sur le Canal de Marans. Location \u00e0 l'heure ou pour la journ\u00e9e. La navigation est possible sur une dizaine de kilom\u00e8tres.\",\"breadcrumb\":{\"@id\":\"https:\\\/\\\/canalcanoe.fr\\\/#breadcrumb\"},\"inLanguage\":\"fr-FR\",\"potentialAction\":[{\"@type\":\"ReadAction\",\"target\":[\"https:\\\/\\\/canalcanoe.fr\\\/\"]}]},{\"@type\":\"BreadcrumbList\",\"@id\":\"https:\\\/\\\/canalcanoe.fr\\\/#breadcrumb\",\"itemListElement\":[{\"@type\":\"ListItem\",\"position\":1,\"name\":\"Accueil\",\"item\":\"https:\\\/\\\/canalcanoe.fr\\\/\"},{\"@type\":\"ListItem\",\"position\":2,\"name\":\"Location cano\u00eb La Rochelle canal Marans\"}]},{\"@type\":\"WebSite\",\"@id\":\"https:\\\/\\\/canalcanoe.fr\\\/#website\",\"url\":\"https:\\\/\\\/canalcanoe.fr\\\/\",\"name\":\"cano\u00eb La rochelle\",\"description\":\"Location de cano\u00eb \u00e0 La Rochelle\",\"potentialAction\":[{\"@type\":\"SearchAction\",\"target\":{\"@type\":\"EntryPoint\",\"urlTemplate\":\"https:\\\/\\\/canalcanoe.fr\\\/?s={search_term_string}\"},\"query-input\":{\"@type\":\"PropertyValueSpecification\",\"valueRequired\":true,\"valueName\":\"search_term_string\"}}],\"inLanguage\":\"fr-FR\"}]}<\/script>\n<!-- \/ Yoast SEO plugin. -->","yoast_head_json":{"title":"Location cano\u00eb La Rochelle - Canal Cano\u00eb La Rochelle","description":"Canal Cano\u00eb, location cano\u00eb La Rochelle. Au d\u00e9part de La Rochelle, une navigation paisible sur le Canal de Marans. Location \u00e0 l'heure ou pour la journ\u00e9e. La navigation est possible sur une dizaine de kilom\u00e8tres.","robots":{"index":"index","follow":"follow","max-snippet":"max-snippet:-1","max-image-preview":"max-image-preview:large","max-video-preview":"max-video-preview:-1"},"canonical":"https:\/\/canalcanoe.fr\/","og_locale":"fr_FR","og_type":"article","og_title":"Location cano\u00eb La Rochelle - Canal Cano\u00eb La Rochelle","og_description":"Canal Cano\u00eb, location cano\u00eb La Rochelle. Au d\u00e9part de La Rochelle, une navigation paisible sur le Canal de Marans. Location \u00e0 l'heure ou pour la journ\u00e9e. La navigation est possible sur une dizaine de kilom\u00e8tres.","og_url":"https:\/\/canalcanoe.fr\/","og_site_name":"cano\u00eb La rochelle","article_modified_time":"2024-05-16T09:30:35+00:00","twitter_card":"summary_large_image","twitter_misc":{"Dur\u00e9e de lecture estim\u00e9e":"6 minutes"},"schema":{"@context":"https:\/\/schema.org","@graph":[{"@type":"WebPage","@id":"https:\/\/canalcanoe.fr\/","url":"https:\/\/canalcanoe.fr\/","name":"Location cano\u00eb La Rochelle - Canal Cano\u00eb La Rochelle","isPartOf":{"@id":"https:\/\/canalcanoe.fr\/#website"},"datePublished":"2018-04-12T14:33:02+00:00","dateModified":"2024-05-16T09:30:35+00:00","description":"Canal Cano\u00eb, location cano\u00eb La Rochelle. Au d\u00e9part de La Rochelle, une navigation paisible sur le Canal de Marans. Location \u00e0 l'heure ou pour la journ\u00e9e. La navigation est possible sur une dizaine de kilom\u00e8tres.","breadcrumb":{"@id":"https:\/\/canalcanoe.fr\/#breadcrumb"},"inLanguage":"fr-FR","potentialAction":[{"@type":"ReadAction","target":["https:\/\/canalcanoe.fr\/"]}]},{"@type":"BreadcrumbList","@id":"https:\/\/canalcanoe.fr\/#breadcrumb","itemListElement":[{"@type":"ListItem","position":1,"name":"Accueil","item":"https:\/\/canalcanoe.fr\/"},{"@type":"ListItem","position":2,"name":"Location cano\u00eb La Rochelle canal Marans"}]},{"@type":"WebSite","@id":"https:\/\/canalcanoe.fr\/#website","url":"https:\/\/canalcanoe.fr\/","name":"cano\u00eb La rochelle","description":"Location de cano\u00eb \u00e0 La Rochelle","potentialAction":[{"@type":"SearchAction","target":{"@type":"EntryPoint","urlTemplate":"https:\/\/canalcanoe.fr\/?s={search_term_string}"},"query-input":{"@type":"PropertyValueSpecification","valueRequired":true,"valueName":"search_term_string"}}],"inLanguage":"fr-FR"}]}},"jetpack_sharing_enabled":true,"jetpack_shortlink":"https:\/\/wp.me\/P8OKEM-4J","jetpack-related-posts":[],"_links":{"self":[{"href":"https:\/\/canalcanoe.fr\/index.php\/wp-json\/wp\/v2\/pages\/293","targetHints":{"allow":["GET"]}}],"collection":[{"href":"https:\/\/canalcanoe.fr\/index.php\/wp-json\/wp\/v2\/pages"}],"about":[{"href":"https:\/\/canalcanoe.fr\/index.php\/wp-json\/wp\/v2\/types\/page"}],"author":[{"embeddable":true,"href":"https:\/\/canalcanoe.fr\/index.php\/wp-json\/wp\/v2\/users\/1"}],"replies":[{"embeddable":true,"href":"https:\/\/canalcanoe.fr\/index.php\/wp-json\/wp\/v2\/comments?post=293"}],"version-history":[{"count":5,"href":"https:\/\/canalcanoe.fr\/index.php\/wp-json\/wp\/v2\/pages\/293\/revisions"}],"predecessor-version":[{"id":460,"href":"https:\/\/canalcanoe.fr\/index.php\/wp-json\/wp\/v2\/pages\/293\/revisions\/460"}],"wp:attachment":[{"href":"https:\/\/canalcanoe.fr\/index.php\/wp-json\/wp\/v2\/media?parent=293"}],"curies":[{"name":"wp","href":"https:\/\/api.w.org\/{rel}","templated":true}]}}