{"id":357,"date":"2018-04-12T17:06:22","date_gmt":"2018-04-12T16:06:22","guid":{"rendered":"http:\/\/canalcanoe.fr\/?page_id=357"},"modified":"2018-06-13T17:30:49","modified_gmt":"2018-06-13T16:30:49","slug":"canal-canoe-la-rochelle-photos","status":"publish","type":"page","link":"https:\/\/canalcanoe.fr\/index.php\/canal-canoe-la-rochelle-photos\/","title":{"rendered":"Canal Cano\u00eb La Rochelle photos"},"content":{"rendered":"<p>[et_pb_section bb_built=\u00a0\u00bb1&Prime; _builder_version=\u00a0\u00bb3.0.106&Prime; use_background_color_gradient=\u00a0\u00bbon\u00a0\u00bb background_color_gradient_start=\u00a0\u00bb#e88a2c\u00a0\u00bb background_color_gradient_end=\u00a0\u00bb#ffffff\u00a0\u00bb background_color_gradient_start_position=\u00a0\u00bb38%\u00a0\u00bb background_color_gradient_end_position=\u00a0\u00bb90%\u00a0\u00bb][et_pb_row _builder_version=\u00a0\u00bb3.0.106&Prime; use_custom_gutter=\u00a0\u00bbon\u00a0\u00bb gutter_width=\u00a0\u00bb1&Prime;][et_pb_column type=\u00a0\u00bb4_4&Prime;][et_pb_gallery _builder_version=\u00a0\u00bb3.6&Prime; gallery_orderby=\u00a0\u00bbrand\u00a0\u00bb show_title_and_caption=\u00a0\u00bboff\u00a0\u00bb gallery_ids=\u00a0\u00bb393,394,395,396,397,398,399,400,401,402,369,370,371,372,373,374,375,376,377,350&Prime; zoom_icon_color=\u00a0\u00bb#e88a2c\u00a0\u00bb hover_overlay_color=\u00a0\u00bbrgba(255,255,255,0.9)\u00a0\u00bb pagination_font_size_tablet=\u00a0\u00bb51&Prime; pagination_line_height_tablet=\u00a0\u00bb2&Prime; posts_number=\u00a0\u00bb12&Prime; hover_icon=\u00a0\u00bb%%47%%\u00a0\u00bb custom_css_gallery_item=\u00a0\u00bbpadding: 2px;\u00a0\u00bb \/][\/et_pb_column][\/et_pb_row][\/et_pb_section]<\/p>\n","protected":false},"excerpt":{"rendered":"","protected":false},"author":1,"featured_media":0,"parent":0,"menu_order":0,"comment_status":"closed","ping_status":"closed","template":"","meta":{"_et_pb_use_builder":"on","_et_pb_old_content":"","_et_gb_content_width":"","_monsterinsights_skip_tracking":false,"_monsterinsights_sitenote_active":false,"_monsterinsights_sitenote_note":"","_monsterinsights_sitenote_category":0,"jetpack_post_was_ever_published":false,"footnotes":""},"class_list":["post-357","page","type-page","status-publish","hentry"],"yoast_head":"<!-- This site is optimized with the Yoast SEO plugin v27.3 - https:\/\/yoast.com\/product\/yoast-seo-wordpress\/ -->\n<title>Canal Cano\u00eb La Rochelle photos - cano\u00eb La rochelle<\/title>\n<meta name=\"robots\" content=\"index, follow, max-snippet:-1, max-image-preview:large, max-video-preview:-1\" \/>\n<link rel=\"canonical\" href=\"https:\/\/canalcanoe.fr\/index.php\/canal-canoe-la-rochelle-photos\/\" \/>\n<meta property=\"og:locale\" content=\"fr_FR\" \/>\n<meta property=\"og:type\" content=\"article\" \/>\n<meta property=\"og:title\" content=\"Canal Cano\u00eb La Rochelle photos - cano\u00eb La rochelle\" \/>\n<meta property=\"og:url\" content=\"https:\/\/canalcanoe.fr\/index.php\/canal-canoe-la-rochelle-photos\/\" \/>\n<meta property=\"og:site_name\" content=\"cano\u00eb La rochelle\" \/>\n<meta property=\"article:modified_time\" content=\"2018-06-13T16:30:49+00:00\" \/>\n<meta name=\"twitter:card\" content=\"summary_large_image\" \/>\n<meta name=\"twitter:label1\" content=\"Dur\u00e9e de lecture estim\u00e9e\" \/>\n\t<meta name=\"twitter:data1\" content=\"1 minute\" \/>\n<script type=\"application\/ld+json\" class=\"yoast-schema-graph\">{\"@context\":\"https:\\\/\\\/schema.org\",\"@graph\":[{\"@type\":\"WebPage\",\"@id\":\"https:\\\/\\\/canalcanoe.fr\\\/index.php\\\/canal-canoe-la-rochelle-photos\\\/\",\"url\":\"https:\\\/\\\/canalcanoe.fr\\\/index.php\\\/canal-canoe-la-rochelle-photos\\\/\",\"name\":\"Canal Cano\u00eb La Rochelle photos - cano\u00eb La rochelle\",\"isPartOf\":{\"@id\":\"https:\\\/\\\/canalcanoe.fr\\\/#website\"},\"datePublished\":\"2018-04-12T16:06:22+00:00\",\"dateModified\":\"2018-06-13T16:30:49+00:00\",\"breadcrumb\":{\"@id\":\"https:\\\/\\\/canalcanoe.fr\\\/index.php\\\/canal-canoe-la-rochelle-photos\\\/#breadcrumb\"},\"inLanguage\":\"fr-FR\",\"potentialAction\":[{\"@type\":\"ReadAction\",\"target\":[\"https:\\\/\\\/canalcanoe.fr\\\/index.php\\\/canal-canoe-la-rochelle-photos\\\/\"]}]},{\"@type\":\"BreadcrumbList\",\"@id\":\"https:\\\/\\\/canalcanoe.fr\\\/index.php\\\/canal-canoe-la-rochelle-photos\\\/#breadcrumb\",\"itemListElement\":[{\"@type\":\"ListItem\",\"position\":1,\"name\":\"Accueil\",\"item\":\"https:\\\/\\\/canalcanoe.fr\\\/\"},{\"@type\":\"ListItem\",\"position\":2,\"name\":\"Canal Cano\u00eb La Rochelle photos\"}]},{\"@type\":\"WebSite\",\"@id\":\"https:\\\/\\\/canalcanoe.fr\\\/#website\",\"url\":\"https:\\\/\\\/canalcanoe.fr\\\/\",\"name\":\"cano\u00eb La rochelle\",\"description\":\"Location de cano\u00eb \u00e0 La Rochelle\",\"potentialAction\":[{\"@type\":\"SearchAction\",\"target\":{\"@type\":\"EntryPoint\",\"urlTemplate\":\"https:\\\/\\\/canalcanoe.fr\\\/?s={search_term_string}\"},\"query-input\":{\"@type\":\"PropertyValueSpecification\",\"valueRequired\":true,\"valueName\":\"search_term_string\"}}],\"inLanguage\":\"fr-FR\"}]}<\/script>\n<!-- \/ Yoast SEO plugin. -->","yoast_head_json":{"title":"Canal Cano\u00eb La Rochelle photos - cano\u00eb La rochelle","robots":{"index":"index","follow":"follow","max-snippet":"max-snippet:-1","max-image-preview":"max-image-preview:large","max-video-preview":"max-video-preview:-1"},"canonical":"https:\/\/canalcanoe.fr\/index.php\/canal-canoe-la-rochelle-photos\/","og_locale":"fr_FR","og_type":"article","og_title":"Canal Cano\u00eb La Rochelle photos - cano\u00eb La rochelle","og_url":"https:\/\/canalcanoe.fr\/index.php\/canal-canoe-la-rochelle-photos\/","og_site_name":"cano\u00eb La rochelle","article_modified_time":"2018-06-13T16:30:49+00:00","twitter_card":"summary_large_image","twitter_misc":{"Dur\u00e9e de lecture estim\u00e9e":"1 minute"},"schema":{"@context":"https:\/\/schema.org","@graph":[{"@type":"WebPage","@id":"https:\/\/canalcanoe.fr\/index.php\/canal-canoe-la-rochelle-photos\/","url":"https:\/\/canalcanoe.fr\/index.php\/canal-canoe-la-rochelle-photos\/","name":"Canal Cano\u00eb La Rochelle photos - cano\u00eb La rochelle","isPartOf":{"@id":"https:\/\/canalcanoe.fr\/#website"},"datePublished":"2018-04-12T16:06:22+00:00","dateModified":"2018-06-13T16:30:49+00:00","breadcrumb":{"@id":"https:\/\/canalcanoe.fr\/index.php\/canal-canoe-la-rochelle-photos\/#breadcrumb"},"inLanguage":"fr-FR","potentialAction":[{"@type":"ReadAction","target":["https:\/\/canalcanoe.fr\/index.php\/canal-canoe-la-rochelle-photos\/"]}]},{"@type":"BreadcrumbList","@id":"https:\/\/canalcanoe.fr\/index.php\/canal-canoe-la-rochelle-photos\/#breadcrumb","itemListElement":[{"@type":"ListItem","position":1,"name":"Accueil","item":"https:\/\/canalcanoe.fr\/"},{"@type":"ListItem","position":2,"name":"Canal Cano\u00eb La Rochelle photos"}]},{"@type":"WebSite","@id":"https:\/\/canalcanoe.fr\/#website","url":"https:\/\/canalcanoe.fr\/","name":"cano\u00eb La rochelle","description":"Location de cano\u00eb \u00e0 La Rochelle","potentialAction":[{"@type":"SearchAction","target":{"@type":"EntryPoint","urlTemplate":"https:\/\/canalcanoe.fr\/?s={search_term_string}"},"query-input":{"@type":"PropertyValueSpecification","valueRequired":true,"valueName":"search_term_string"}}],"inLanguage":"fr-FR"}]}},"jetpack_sharing_enabled":true,"jetpack_shortlink":"https:\/\/wp.me\/P8OKEM-5L","jetpack-related-posts":[],"_links":{"self":[{"href":"https:\/\/canalcanoe.fr\/index.php\/wp-json\/wp\/v2\/pages\/357","targetHints":{"allow":["GET"]}}],"collection":[{"href":"https:\/\/canalcanoe.fr\/index.php\/wp-json\/wp\/v2\/pages"}],"about":[{"href":"https:\/\/canalcanoe.fr\/index.php\/wp-json\/wp\/v2\/types\/page"}],"author":[{"embeddable":true,"href":"https:\/\/canalcanoe.fr\/index.php\/wp-json\/wp\/v2\/users\/1"}],"replies":[{"embeddable":true,"href":"https:\/\/canalcanoe.fr\/index.php\/wp-json\/wp\/v2\/comments?post=357"}],"version-history":[{"count":3,"href":"https:\/\/canalcanoe.fr\/index.php\/wp-json\/wp\/v2\/pages\/357\/revisions"}],"predecessor-version":[{"id":403,"href":"https:\/\/canalcanoe.fr\/index.php\/wp-json\/wp\/v2\/pages\/357\/revisions\/403"}],"wp:attachment":[{"href":"https:\/\/canalcanoe.fr\/index.php\/wp-json\/wp\/v2\/media?parent=357"}],"curies":[{"name":"wp","href":"https:\/\/api.w.org\/{rel}","templated":true}]}}